{"id":155,"date":"2023-12-22T13:24:08","date_gmt":"2023-12-22T13:24:08","guid":{"rendered":"https:\/\/innovecouture.vamtam.com\/?page_id=155"},"modified":"2026-03-21T20:59:06","modified_gmt":"2026-03-21T20:59:06","slug":"collections","status":"publish","type":"page","link":"https:\/\/da-moya.com\/es\/shop\/collections\/","title":{"rendered":"Colecciones"},"content":{"rendered":"<div data-elementor-type=\"wp-page\" data-elementor-id=\"155\" class=\"elementor elementor-155\" data-elementor-post-type=\"page\">\n\t\t\t\t<div class=\"elementor-element elementor-element-51efdcd e-flex e-con-boxed e-con e-parent\" data-id=\"51efdcd\" data-element_type=\"container\" data-e-type=\"container\">\n\t\t\t\t\t<div class=\"e-con-inner\">\n\t\t<div class=\"elementor-element elementor-element-a543f8c e-con-full e-flex e-con e-child\" data-id=\"a543f8c\" data-element_type=\"container\" data-e-type=\"container\">\n\t\t\t\t<div class=\"elementor-element elementor-element-0b22884 elementor-widget elementor-widget-image\" data-id=\"0b22884\" data-element_type=\"widget\" data-e-type=\"widget\" data-widget_type=\"image.default\">\n\t\t\t\t\t\t\t\t\t\t\t\t\t\t\t\t<a href=\"https:\/\/da-moya.com\/es\/tag\/coleccion-cartagena\/\">\n\t\t\t\t\t\t\t<img fetchpriority=\"high\" decoding=\"async\" width=\"683\" height=\"1024\" src=\"https:\/\/da-moya.com\/wp-content\/uploads\/2025\/12\/DSC05722-scaled-1-683x1024.webp\" class=\"attachment-large size-large wp-image-987694\" alt=\"\" srcset=\"https:\/\/da-moya.com\/wp-content\/uploads\/2025\/12\/DSC05722-scaled-1-683x1024.webp 683w, https:\/\/da-moya.com\/wp-content\/uploads\/2025\/12\/DSC05722-scaled-1-866x1299.webp 866w, https:\/\/da-moya.com\/wp-content\/uploads\/2025\/12\/DSC05722-scaled-1-1300x1950.webp 1300w, https:\/\/da-moya.com\/wp-content\/uploads\/2025\/12\/DSC05722-scaled-1-64x96.webp 64w, https:\/\/da-moya.com\/wp-content\/uploads\/2025\/12\/DSC05722-scaled-1-200x300.webp 200w, https:\/\/da-moya.com\/wp-content\/uploads\/2025\/12\/DSC05722-scaled-1-768x1152.webp 768w, https:\/\/da-moya.com\/wp-content\/uploads\/2025\/12\/DSC05722-scaled-1-1024x1536.webp 1024w, https:\/\/da-moya.com\/wp-content\/uploads\/2025\/12\/DSC05722-scaled-1-1366x2048.webp 1366w, https:\/\/da-moya.com\/wp-content\/uploads\/2025\/12\/DSC05722-scaled-1.webp 1707w\" sizes=\"(max-width: 683px) 100vw, 683px\" \/>\t\t\t\t\t\t\t\t<\/a>\n\t\t\t\t\t\t\t\t\t\t\t\t\t\t\t<\/div>\n\t\t\t\t<div class=\"elementor-element elementor-element-ed41514 elementor-widget elementor-widget-heading\" data-id=\"ed41514\" data-element_type=\"widget\" data-e-type=\"widget\" data-widget_type=\"heading.default\">\n\t\t\t\t\t<h5 class=\"elementor-heading-title elementor-size-default\"><a href=\"https:\/\/da-moya.com\/es\/?taxonomy=pa_size&#038;term=45\">Cartagena<\/a><\/h5>\t\t\t\t<\/div>\n\t\t\t\t<div class=\"elementor-element elementor-element-de9cfdd elementor-widget elementor-widget-text-editor\" data-id=\"de9cfdd\" data-element_type=\"widget\" data-e-type=\"widget\" data-widget_type=\"text-editor.default\">\n\t\t\t\t\t\t\t\t\t<p data-start=\"1681\" data-end=\"1929\"><strong data-start=\"1681\" data-end=\"1735\">Precisi\u00f3n, sensualidad y actitud.<\/strong><br data-start=\"1735\" data-end=\"1738\" \/>Redefine la silueta masculina con un ajuste m\u00e1s corto y contorneado que resalta el cuerpo con seguridad y car\u00e1cter. Dise\u00f1ada para quienes buscan una est\u00e9tica m\u00e1s atrevida y sofisticada.<\/p><p data-start=\"1931\" data-end=\"2026\">Fabricada en Colombia con tela premium de secado r\u00e1pido y alta elasticidad, pensada para un look impactante y moderno.<\/p><p data-start=\"2028\" data-end=\"2072\"><strong data-start=\"2028\" data-end=\"2072\">M\u00e1s ajuste. M\u00e1s actitud. M\u00e1s impacto.<\/strong><\/p>\t\t\t\t\t\t\t\t<\/div>\n\t\t\t\t<div class=\"vamtam-has-theme-widget-styles elementor-element elementor-element-6916629 vamtam-has-underline-anim elementor-widget elementor-widget-button\" data-id=\"6916629\" data-element_type=\"widget\" data-e-type=\"widget\" data-settings=\"{&quot;_animation_tablet&quot;:&quot;none&quot;}\" data-widget_type=\"button.default\">\n\t\t\t\t\t\t\t\t\t\t<a class=\"elementor-button elementor-button-link elementor-size-sm\" href=\"\/es\/categoria-producto\/collections\/cartagena\/\">\n\t\t\t\t\t\t<span class=\"elementor-button-content-wrapper\">\n\t\t\t\t\t\t\t\t\t<span class=\"elementor-button-text\">Comprar ahora<\/span>\n\t\t\t\t\t<\/span>\n\t\t\t\t\t<\/a>\n\t\t\t\t\t\t\t\t<\/div>\n\t\t\t\t<\/div>\n\t\t<div class=\"elementor-element elementor-element-45e2336 e-con-full e-flex e-con e-child\" data-id=\"45e2336\" data-element_type=\"container\" data-e-type=\"container\">\n\t\t\t\t<div class=\"elementor-element elementor-element-e2449eb elementor-widget elementor-widget-image\" data-id=\"e2449eb\" data-element_type=\"widget\" data-e-type=\"widget\" data-widget_type=\"image.default\">\n\t\t\t\t\t\t\t\t\t\t\t\t\t\t\t\t<a href=\"https:\/\/da-moya.com\/es\/etiqueta-producto\/450\/\">\n\t\t\t\t\t\t\t<img decoding=\"async\" width=\"683\" height=\"1024\" src=\"https:\/\/da-moya.com\/wp-content\/uploads\/2025\/12\/DSC03939-scaled-1-683x1024.webp\" class=\"attachment-large size-large wp-image-987686\" alt=\"\" srcset=\"https:\/\/da-moya.com\/wp-content\/uploads\/2025\/12\/DSC03939-scaled-1-683x1024.webp 683w, https:\/\/da-moya.com\/wp-content\/uploads\/2025\/12\/DSC03939-scaled-1-866x1299.webp 866w, https:\/\/da-moya.com\/wp-content\/uploads\/2025\/12\/DSC03939-scaled-1-1300x1950.webp 1300w, https:\/\/da-moya.com\/wp-content\/uploads\/2025\/12\/DSC03939-scaled-1-64x96.webp 64w, https:\/\/da-moya.com\/wp-content\/uploads\/2025\/12\/DSC03939-scaled-1-200x300.webp 200w, https:\/\/da-moya.com\/wp-content\/uploads\/2025\/12\/DSC03939-scaled-1-768x1152.webp 768w, https:\/\/da-moya.com\/wp-content\/uploads\/2025\/12\/DSC03939-scaled-1-1024x1536.webp 1024w, https:\/\/da-moya.com\/wp-content\/uploads\/2025\/12\/DSC03939-scaled-1-1366x2048.webp 1366w, https:\/\/da-moya.com\/wp-content\/uploads\/2025\/12\/DSC03939-scaled-1.webp 1707w\" sizes=\"(max-width: 683px) 100vw, 683px\" \/>\t\t\t\t\t\t\t\t<\/a>\n\t\t\t\t\t\t\t\t\t\t\t\t\t\t\t<\/div>\n\t\t\t\t<div class=\"elementor-element elementor-element-8cc9af3 elementor-widget elementor-widget-heading\" data-id=\"8cc9af3\" data-element_type=\"widget\" data-e-type=\"widget\" data-widget_type=\"heading.default\">\n\t\t\t\t\t<h5 class=\"elementor-heading-title elementor-size-default\"><a href=\"https:\/\/da-moya.com\/es\/tag\/coleccion-medellin\/\">medell\u00edn<\/a><\/h5>\t\t\t\t<\/div>\n\t\t\t\t<div class=\"elementor-element elementor-element-fa83dbe elementor-widget elementor-widget-text-editor\" data-id=\"fa83dbe\" data-element_type=\"widget\" data-e-type=\"widget\" data-widget_type=\"text-editor.default\">\n\t\t\t\t\t\t\t\t\t<p data-start=\"781\" data-end=\"1025\"><strong data-start=\"781\" data-end=\"830\">Libertad y confort en su m\u00e1xima expresi\u00f3n.<\/strong><br data-start=\"830\" data-end=\"833\" \/>Dise\u00f1ada para quienes priorizan comodidad sin renunciar al estilo. Su silueta m\u00e1s relajada y de mayor cobertura ofrece un ajuste natural, ideal para moverse con libertad dentro y fuera del agua.<\/p><p data-start=\"1027\" data-end=\"1151\">Fabricada en Colombia con tela premium de secado r\u00e1pido y alta elasticidad, es la elecci\u00f3n perfecta para un look vers\u00e1til, fresco y sin esfuerzo.<\/p><p data-start=\"1153\" data-end=\"1203\"><strong data-start=\"1153\" data-end=\"1203\">M\u00e1s cobertura. M\u00e1s comodidad. M\u00e1s versatilidad.<\/strong><\/p>\t\t\t\t\t\t\t\t<\/div>\n\t\t\t\t<div class=\"vamtam-has-theme-widget-styles elementor-element elementor-element-9c272ec vamtam-has-underline-anim elementor-widget elementor-widget-button\" data-id=\"9c272ec\" data-element_type=\"widget\" data-e-type=\"widget\" data-settings=\"{&quot;_animation_tablet&quot;:&quot;none&quot;}\" data-widget_type=\"button.default\">\n\t\t\t\t\t\t\t\t\t\t<a class=\"elementor-button elementor-button-link elementor-size-sm\" href=\"\/es\/categoria-producto\/collections\/medellin\/\">\n\t\t\t\t\t\t<span class=\"elementor-button-content-wrapper\">\n\t\t\t\t\t\t\t\t\t<span class=\"elementor-button-text\">Comprar ahora<\/span>\n\t\t\t\t\t<\/span>\n\t\t\t\t\t<\/a>\n\t\t\t\t\t\t\t\t<\/div>\n\t\t\t\t<\/div>\n\t\t\t\t\t<\/div>\n\t\t\t\t<\/div>\n\t\t\t\t<\/div>","protected":false},"excerpt":{"rendered":"<p>Cartagena Precision, sensuality, and confidence.Redefines the masculine silhouette with a shorter, more contoured fit that enhances the body with confidence and character. Designed for those who seek a bolder, more sophisticated aesthetic. Crafted in Colombia with premium quick-dry stretch fabric, made for a striking and modern look. More fitted. More attitude. More impact. Shop Now&#8230;<\/p>","protected":false},"author":1,"featured_media":0,"parent":15298,"menu_order":0,"comment_status":"closed","ping_status":"closed","template":"","meta":{"_monsterinsights_skip_tracking":false,"_monsterinsights_sitenote_active":false,"_monsterinsights_sitenote_note":"","_monsterinsights_sitenote_category":0,"_uf_show_specific_survey":0,"_uf_disable_surveys":false,"footnotes":""},"class_list":["post-155","page","type-page","status-publish","hentry"],"aioseo_notices":[],"_hostinger_reach_plugin_has_subscription_block":false,"_hostinger_reach_plugin_is_elementor":false,"_links":{"self":[{"href":"https:\/\/da-moya.com\/es\/wp-json\/wp\/v2\/pages\/155","targetHints":{"allow":["GET"]}}],"collection":[{"href":"https:\/\/da-moya.com\/es\/wp-json\/wp\/v2\/pages"}],"about":[{"href":"https:\/\/da-moya.com\/es\/wp-json\/wp\/v2\/types\/page"}],"author":[{"embeddable":true,"href":"https:\/\/da-moya.com\/es\/wp-json\/wp\/v2\/users\/1"}],"replies":[{"embeddable":true,"href":"https:\/\/da-moya.com\/es\/wp-json\/wp\/v2\/comments?post=155"}],"version-history":[{"count":18,"href":"https:\/\/da-moya.com\/es\/wp-json\/wp\/v2\/pages\/155\/revisions"}],"predecessor-version":[{"id":988453,"href":"https:\/\/da-moya.com\/es\/wp-json\/wp\/v2\/pages\/155\/revisions\/988453"}],"up":[{"embeddable":true,"href":"https:\/\/da-moya.com\/es\/wp-json\/wp\/v2\/pages\/15298"}],"wp:attachment":[{"href":"https:\/\/da-moya.com\/es\/wp-json\/wp\/v2\/media?parent=155"}],"curies":[{"name":"wp","href":"https:\/\/api.w.org\/{rel}","templated":true}]}}